{"id":39,"date":"2015-10-09T10:12:01","date_gmt":"2015-10-09T08:12:01","guid":{"rendered":"http:\/\/growgreat.se\/kontrollpanel\/?page_id=39"},"modified":"2015-10-09T10:12:01","modified_gmt":"2015-10-09T08:12:01","slug":"login","status":"publish","type":"page","link":"https:\/\/growgreat.se\/kontrollpanel\/","title":{"rendered":"LOGIN"},"content":{"rendered":"<p>[et_pb_section admin_label=&#8221;section&#8221;][et_pb_row admin_label=&#8221;row&#8221;][et_pb_column type=&#8221;4_4&#8243;][et_pb_login admin_label=&#8221;Logga in&#8221; current_page_redirect=&#8221;off&#8221; use_background_color=&#8221;on&#8221; background_color=&#8221;#39a935&#8243; background_layout=&#8221;dark&#8221; text_orientation=&#8221;left&#8221; use_focus_border_color=&#8221;off&#8221; use_border_color=&#8221;off&#8221; border_color=&#8221;#ffffff&#8221; border_style=&#8221;solid&#8221; custom_button=&#8221;off&#8221; button_letter_spacing=&#8221;0&#8243; button_use_icon=&#8221;default&#8221; button_icon_placement=&#8221;right&#8221; button_on_hover=&#8221;on&#8221; button_letter_spacing_hover=&#8221;0&#8243;]<\/p>\n<h2>Inloggning<\/h2>\n<p><strong><br \/>\nH\u00e4r loggar du in till kontrollpanelen d\u00e4r du kan hantera alla tj\u00e4nster samt best\u00e4llningar och fakturor.<\/strong><\/p>\n<p><strong>Om du har n\u00e5gra problem eller beh\u00f6ver hj\u00e4lp att st\u00e4lla in det bara att kontakta oss. V\u00e5r support finns tillg\u00e4nglig f\u00f6r att hj\u00e4lpa dig komma ig\u00e5ng.<\/strong><\/p>\n<p>[\/et_pb_login][\/et_pb_column][\/et_pb_row][\/et_pb_section]<\/p>\n","protected":false},"excerpt":{"rendered":"<p>Inloggning H\u00e4r loggar du in till kontrollpanelen d\u00e4r du kan hantera alla tj\u00e4nster samt best\u00e4llningar och fakturor. Om du har n\u00e5gra problem eller beh\u00f6ver hj\u00e4lp att st\u00e4lla in det bara att kontakta oss. V\u00e5r support finns tillg\u00e4nglig f\u00f6r att hj\u00e4lpa dig komma ig\u00e5ng.<\/p>\n","protected":false},"author":1,"featured_media":0,"parent":0,"menu_order":0,"comment_status":"closed","ping_status":"closed","template":"page-template-blank.php","meta":{"_et_pb_use_builder":"on","_et_pb_old_content":"","_et_gb_content_width":"","footnotes":""},"_links":{"self":[{"href":"https:\/\/growgreat.se\/kontrollpanel\/wp-json\/wp\/v2\/pages\/39"}],"collection":[{"href":"https:\/\/growgreat.se\/kontrollpanel\/wp-json\/wp\/v2\/pages"}],"about":[{"href":"https:\/\/growgreat.se\/kontrollpanel\/wp-json\/wp\/v2\/types\/page"}],"author":[{"embeddable":true,"href":"https:\/\/growgreat.se\/kontrollpanel\/wp-json\/wp\/v2\/users\/1"}],"replies":[{"embeddable":true,"href":"https:\/\/growgreat.se\/kontrollpanel\/wp-json\/wp\/v2\/comments?post=39"}],"version-history":[{"count":1,"href":"https:\/\/growgreat.se\/kontrollpanel\/wp-json\/wp\/v2\/pages\/39\/revisions"}],"predecessor-version":[{"id":40,"href":"https:\/\/growgreat.se\/kontrollpanel\/wp-json\/wp\/v2\/pages\/39\/revisions\/40"}],"wp:attachment":[{"href":"https:\/\/growgreat.se\/kontrollpanel\/wp-json\/wp\/v2\/media?parent=39"}],"curies":[{"name":"wp","href":"https:\/\/api.w.org\/{rel}","templated":true}]}}